{"id":68,"date":"2024-05-03T09:58:26","date_gmt":"2024-05-03T09:58:26","guid":{"rendered":"https:\/\/transdiz.es\/?page_id=68"},"modified":"2024-05-03T09:58:27","modified_gmt":"2024-05-03T09:58:27","slug":"cookies","status":"publish","type":"page","link":"https:\/\/transdiz.es\/index.php\/cookies\/","title":{"rendered":"cookies"},"content":{"rendered":"\n<h1 class=\"wp-block-heading\">Pol\u00edtica de Cookies<\/h1>\n\n\n\n<p>Nuestro sitio web www.transdiz.es (el \u201cSitio Web\u201d) utiliza una tecnolog\u00eda denominada \u201ccookies\u201d con la finalidad de poder recabar informaci\u00f3n acerca del uso del Sitio Web. Le informamos de que podemos utilizar cookies con la finalidad de facilitar su navegaci\u00f3n a trav\u00e9s del Sitio Web, distinguirle de otros usuarios y analizar sus h\u00e1bitos de navegaci\u00f3n dentro del Sitio Web.<\/p>\n\n\n\n<p>La presente pol\u00edtica de cookies tiene por finalidad informarle de manera clara y precisa sobre las cookies que se utilizan en nuestro Sitio Web (la \u201cPol\u00edtica de Cookies\u201d).<\/p>\n\n\n\n<h3 class=\"wp-block-heading\">\u00bfQu\u00e9 son las cookies?<\/h3>\n\n\n\n<p>Las cookies son peque\u00f1as cantidades de informaci\u00f3n que se almacenan en el navegador utilizado por cada usuario para que el servidor recuerde cierta informaci\u00f3n que posteriormente pueda utilizar. Esta informaci\u00f3n permite identificarle a usted como un usuario concreto y permite guardar sus preferencias personales, as\u00ed como informaci\u00f3n t\u00e9cnica como pueden ser visitas o p\u00e1ginas concretas que visite.<\/p>\n\n\n\n<h3 class=\"wp-block-heading\">\u00bfQu\u00e9 Cookies utiliza esta web?&nbsp;<\/h3>\n\n\n\n<p>Manuel Diz Pereira (TRANSDIZ.ES) y otros terceros utilizan en este sitio web la siguiente tipolog\u00eda de cookies:<\/p>\n\n\n\n<ul class=\"wp-block-list\">\n<li>Estrictamente necesarias: tambi\u00e9n denominadas \u00abt\u00e9cnicas\u00bb o \u00abfuncionales\u00bb, son aqu\u00e9llas que permiten la navegaci\u00f3n a trav\u00e9s del sitio web, garantizan el correcto funcionamiento del mismo y la utilizaci\u00f3n de las diferentes opciones o servicios que en \u00e9l existen. Son cookies que permiten, por ejemplo, controlar el tr\u00e1fico y la comunicaci\u00f3n de datos, identificar la sesi\u00f3n, acceder a partes de acceso restringido, recordar los elementos que integran un pedido, realizar el proceso de compra, gestionar el pago, controlar el fraude vinculado a la seguridad del servicio, contar visitas a efectos de la facturaci\u00f3n de licencias del software con el que funciona el servicio, utilizar elementos de seguridad durante la navegaci\u00f3n, almacenar contenidos para la difusi\u00f3n de v\u00eddeos o sonido, habilitar contenidos din\u00e1micos (por ejemplo, animaci\u00f3n de carga de un texto o imagen) o compartir contenidos a trav\u00e9s de redes sociales. Si se desactivan estas cookies, no podr\u00e1 recibir correctamente nuestros contenidos y servicios.<\/li>\n\n\n\n<li>De configuraci\u00f3n: son aqu\u00e9llas que permiten recordar informaci\u00f3n para que el usuario acceda al servicio con determinadas caracter\u00edsticas que pueden diferenciar su experiencia de la de otros usuarios, como, por ejemplo, el idioma, el n\u00famero de resultados a mostrar cuando el usuario realiza una b\u00fasqueda, el aspecto o contenido del servicio en funci\u00f3n del tipo de navegador a trav\u00e9s del cual el usuario accede al servicio o de la regi\u00f3n desde la que accede al servicio, etc.<\/li>\n\n\n\n<li>Anal\u00edticas o de medici\u00f3n: son aqu\u00e9llas que permiten el seguimiento y an\u00e1lisis del comportamiento del conjunto de los usuarios del sitio web, incluida la cuantificaci\u00f3n de los impactos de los anuncios. La informaci\u00f3n recogida mediante este tipo de cookies se utiliza en la medici\u00f3n de la actividad de los sitios web, aplicaci\u00f3n o plataforma, con el fin de introducir mejoras en funci\u00f3n del an\u00e1lisis de los datos de uso que hacen los usuarios del sitio web.<\/li>\n\n\n\n<li>De publicidad comportamental: son aqu\u00e9llas que almacenan informaci\u00f3n del comportamiento de los usuarios obtenida a trav\u00e9s de la observaci\u00f3n continuada de sus h\u00e1bitos de navegaci\u00f3n, lo que permite desarrollar un perfil espec\u00edfico del usuario para mostrar publicidad y contenido personalizado en funci\u00f3n del mismo. Con ello se posibilita la gesti\u00f3n, de la forma m\u00e1s eficaz posible, de los espacios publicitarios y el contenido del sitio web seg\u00fan el perfil espec\u00edfico del usuario.<\/li>\n\n\n\n<li>De localizaci\u00f3n geogr\u00e1fica: son aqu\u00e9llas que permiten su localizaci\u00f3n geogr\u00e1fica precisa para el cumplimiento de varias de las finalidades anteriores, tales como mostrarle publicidad relacionada con el lugar en que se encuentre o en el idioma de dicho lugar.<\/li>\n<\/ul>\n\n\n\n<h3 class=\"wp-block-heading\">Cookies de Terceros<\/h3>\n\n\n\n<p>En algunos casos, compartimos informaci\u00f3n sobre los visitantes de este sitio de forma an\u00f3nima o agregada con terceros como puedan ser anunciantes, patrocinadores o auditores con el \u00fanico fin de mejorar nuestros servicios. Todas estas tareas de procesamiento ser\u00e1n reguladas seg\u00fan las normas legales y se respetar\u00e1n todos sus derechos en materia de protecci\u00f3n de datos conforme a la regulaci\u00f3n vigente.<\/p>\n\n\n\n<p>Este sitio mide el tr\u00e1fico con diferentes soluciones que pueden utilizar cookies o web beacons para analizar lo que sucede en nuestras p\u00e1ginas. Actualmente utilizamos las siguientes soluciones para la medici\u00f3n del tr\u00e1fico de este sitio. Puede ver m\u00e1s informaci\u00f3n sobre la pol\u00edtica de privacidad de cada una de las soluciones utilizadas para tal efecto:<\/p>\n\n\n\n<ul class=\"wp-block-list\">\n<li>Google (Analytics): <a href=\"https:\/\/www.google.com\/intl\/es_ALL\/privacypolicy.html\" target=\"_blank\" rel=\"noopener\">Pol\u00edtica de Privacidad de Google Analytics<\/a><\/li>\n<\/ul>\n\n\n\n<p>Este sitio tambi\u00e9n puede albergar publicidad propia, de afiliados, o de redes publicitarias. Esta publicidad se muestra mediante servidores publicitarios que tambi\u00e9n utilizan cookies para mostrar contenidos publicitarios afines a los usuarios. Cada uno de estos servidores publicitarios dispone de su propia pol\u00edtica de privacidad, que puede ser consultada en sus propias p\u00e1ginas web.<\/p>\n\n\n\n<p>Las cookies son ficheros creados en el navegador del usuario para registrar su actividad en el Sitio Web y permitirle una navegaci\u00f3n m\u00e1s fluida y personalizada.<\/p>\n\n\n\n<figure class=\"wp-block-table\"><table><thead><tr><td>&nbsp;Cookie&nbsp;<\/td><td>&nbsp;Nombre&nbsp;<\/td><td>&nbsp;Prop\u00f3sito&nbsp;<\/td><td>&nbsp;M\u00e1s informaci\u00f3n&nbsp;<\/td><\/tr><\/thead><tbody><tr><td>&nbsp;Google Analytics&nbsp;<\/td><td>__atuvc&nbsp;&nbsp;__utma&nbsp;&nbsp;__utmb&nbsp;__utmc&nbsp;__utmz&nbsp;<\/td><td>Recopila informaci\u00f3n an\u00f3nima sobre la navegaci\u00f3n de los usuarios por el sitio web con el fin de conocer el origen de las visitas y otros datos estad\u00edsticos similares. Actualmente no usamos estas cookies.<\/td><td>\u2013 <a href=\"https:\/\/www.google.com\/intl\/es\/analytics\/privacyoverview.html\" target=\"_blank\" rel=\"noopener\">Centro de privacidad de Google<\/a>&nbsp;&nbsp;\u2013 <a href=\"https:\/\/tools.google.com\/dlpage\/gaoptout?hl=es\" target=\"_blank\" rel=\"noopener\">Complemento de inhabilitaci\u00f3n de Google Analytics<\/a><\/td><\/tr><tr><td>&nbsp;WordPress&nbsp;<\/td><td>&nbsp;_icl_current_language&nbsp;<\/td><td>&nbsp;Almacena el idioma actual en el cu\u00e1l se muestra la p\u00e1gina&nbsp;<\/td><td>&nbsp;<\/td><\/tr><\/tbody><\/table><\/figure>\n\n\n\n<h3 class=\"wp-block-heading\">\u00bfCu\u00e1l es el inter\u00e9s leg\u00edtimo del uso de las cookies?<\/h3>\n\n\n\n<p>Este sitio web utiliza cookies para:&nbsp;<\/p>\n\n\n\n<ul class=\"wp-block-list\">\n<li>Establecer niveles de protecci\u00f3n y seguridad que impidan o dificulten ciberataques contra este Sitio Web o sus usuarios.\u00a0<\/li>\n\n\n\n<li>Personalizar y facilitar al m\u00e1ximo la navegaci\u00f3n del usuario. Las cookies se asocian \u00fanicamente a un usuario an\u00f3nimo y su equipo terminal y no proporcionan referencias que permitan deducir datos personales del usuario.\u00a0<\/li>\n\n\n\n<li>Medir estad\u00edsticamente la actividad del Sitio Web, con el fin de introducir mejoras en su contenido en funci\u00f3n del an\u00e1lisis de los datos de uso que hacen los usuarios<\/li>\n<\/ul>\n\n\n\n<h3 class=\"wp-block-heading\">\u00bfC\u00f3mo acepto o configuro las Cookies?<\/h3>\n\n\n\n<p>Usted puede aceptar, rechazar o configurar la instalaci\u00f3n de las cookies enviadas por este Sitio Web, sin que ello perjudique la posibilidad del usuario de acceder a los contenidos. Sin embargo, le hacemos notar que, en todo caso, la calidad de funcionamiento de la p\u00e1gina web puede disminuir.<\/p>\n\n\n\n<p>Podr\u00e1 hacer clic para otorgarnos su consentimiento para que llevemos a cabo el procesamiento de datos personales con dichos prop\u00f3sitos. De forma alternativa puede denegar su consentimiento o cambiar sus preferencias antes de otorgar sus preferencias.<\/p>\n\n\n\n<p>Tambi\u00e9n puede consultar el listado de nuestros socios, obtener informaci\u00f3n sobre qu\u00e9 datos recopilan, c\u00f3mo y con qu\u00e9 finalidades los utilizan y autorizar y bloquear su uso de cookies en esta web.<\/p>\n","protected":false},"excerpt":{"rendered":"<p>Pol\u00edtica de Cookies Nuestro sitio web www.transdiz.es (el \u201cSitio Web\u201d) utiliza una tecnolog\u00eda denominada \u201ccookies\u201d con la finalidad de poder recabar informaci\u00f3n acerca del uso del Sitio Web. Le informamos de que podemos utilizar cookies con la finalidad de facilitar su navegaci\u00f3n a trav\u00e9s del Sitio Web, distinguirle de otros usuarios y analizar sus h\u00e1bitos [&hellip;]<\/p>\n","protected":false},"author":1,"featured_media":0,"parent":0,"menu_order":0,"comment_status":"closed","ping_status":"closed","template":"","meta":{"footnotes":""},"class_list":["post-68","page","type-page","status-publish","hentry"],"_links":{"self":[{"href":"https:\/\/transdiz.es\/index.php\/wp-json\/wp\/v2\/pages\/68","targetHints":{"allow":["GET"]}}],"collection":[{"href":"https:\/\/transdiz.es\/index.php\/wp-json\/wp\/v2\/pages"}],"about":[{"href":"https:\/\/transdiz.es\/index.php\/wp-json\/wp\/v2\/types\/page"}],"author":[{"embeddable":true,"href":"https:\/\/transdiz.es\/index.php\/wp-json\/wp\/v2\/users\/1"}],"replies":[{"embeddable":true,"href":"https:\/\/transdiz.es\/index.php\/wp-json\/wp\/v2\/comments?post=68"}],"version-history":[{"count":1,"href":"https:\/\/transdiz.es\/index.php\/wp-json\/wp\/v2\/pages\/68\/revisions"}],"predecessor-version":[{"id":69,"href":"https:\/\/transdiz.es\/index.php\/wp-json\/wp\/v2\/pages\/68\/revisions\/69"}],"wp:attachment":[{"href":"https:\/\/transdiz.es\/index.php\/wp-json\/wp\/v2\/media?parent=68"}],"curies":[{"name":"wp","href":"https:\/\/api.w.org\/{rel}","templated":true}]}}