{"id":75,"date":"2024-05-03T10:05:30","date_gmt":"2024-05-03T10:05:30","guid":{"rendered":"https:\/\/transdiz.es\/?page_id=75"},"modified":"2024-05-03T10:10:01","modified_gmt":"2024-05-03T10:10:01","slug":"financiado","status":"publish","type":"page","link":"https:\/\/transdiz.es\/index.php\/financiado\/","title":{"rendered":"financiado"},"content":{"rendered":"\n<p>Sin embargo, los puntos de vista y las opiniones expresadas son \u00fanicamente los del autor o autores y no reflejan necesariamente los de la Uni\u00f3n Europea o la Comisi\u00f3n Europea. Ni la Uni\u00f3n Europea ni la Comisi\u00f3n Europea pueden ser consideradas responsables de las mismas<\/p>\n\n\n<div class=\"wp-block-image is-style-default wp-duotone-dark-grayscale\">\n<figure class=\"aligncenter size-full\"><img loading=\"lazy\" decoding=\"async\" width=\"1024\" height=\"141\" src=\"https:\/\/transdiz.es\/wp-content\/uploads\/2024\/04\/logos-1024x141-1-1.png\" alt=\"\" class=\"wp-image-29\" srcset=\"https:\/\/transdiz.es\/wp-content\/uploads\/2024\/04\/logos-1024x141-1-1.png 1024w, https:\/\/transdiz.es\/wp-content\/uploads\/2024\/04\/logos-1024x141-1-1-300x41.png 300w, https:\/\/transdiz.es\/wp-content\/uploads\/2024\/04\/logos-1024x141-1-1-768x106.png 768w\" sizes=\"auto, (max-width: 1024px) 100vw, 1024px\" \/><\/figure>\n<\/div>","protected":false},"excerpt":{"rendered":"<p>Sin embargo, los puntos de vista y las opiniones expresadas son \u00fanicamente los del autor o autores y no reflejan necesariamente los de la Uni\u00f3n Europea o la Comisi\u00f3n Europea. Ni la Uni\u00f3n Europea ni la Comisi\u00f3n Europea pueden ser consideradas responsables de las mismas<\/p>\n","protected":false},"author":1,"featured_media":0,"parent":0,"menu_order":0,"comment_status":"closed","ping_status":"closed","template":"","meta":{"footnotes":""},"class_list":["post-75","page","type-page","status-publish","hentry"],"_links":{"self":[{"href":"https:\/\/transdiz.es\/index.php\/wp-json\/wp\/v2\/pages\/75","targetHints":{"allow":["GET"]}}],"collection":[{"href":"https:\/\/transdiz.es\/index.php\/wp-json\/wp\/v2\/pages"}],"about":[{"href":"https:\/\/transdiz.es\/index.php\/wp-json\/wp\/v2\/types\/page"}],"author":[{"embeddable":true,"href":"https:\/\/transdiz.es\/index.php\/wp-json\/wp\/v2\/users\/1"}],"replies":[{"embeddable":true,"href":"https:\/\/transdiz.es\/index.php\/wp-json\/wp\/v2\/comments?post=75"}],"version-history":[{"count":2,"href":"https:\/\/transdiz.es\/index.php\/wp-json\/wp\/v2\/pages\/75\/revisions"}],"predecessor-version":[{"id":82,"href":"https:\/\/transdiz.es\/index.php\/wp-json\/wp\/v2\/pages\/75\/revisions\/82"}],"wp:attachment":[{"href":"https:\/\/transdiz.es\/index.php\/wp-json\/wp\/v2\/media?parent=75"}],"curies":[{"name":"wp","href":"https:\/\/api.w.org\/{rel}","templated":true}]}}