{"id":8,"date":"2024-04-30T10:43:37","date_gmt":"2024-04-30T10:43:37","guid":{"rendered":"https:\/\/transdiz.es\/?page_id=8"},"modified":"2024-05-03T09:27:12","modified_gmt":"2024-05-03T09:27:12","slug":"inicio","status":"publish","type":"page","link":"https:\/\/transdiz.es\/","title":{"rendered":"inicio"},"content":{"rendered":"\n<h2 class=\"wp-block-heading has-black-color has-text-color has-link-color wp-elements-21f84c599e126f14519f14ce6a236def\">Tu operador de transporte de confianza<\/h2>\n\n\n\n<h2 class=\"wp-block-heading has-black-color has-text-color has-link-color wp-elements-6a0f407bf4ea9054ba0844ccb7f8c7c2\">Profesionales con m\u00e1s de 45 a\u00f1os de experiencia en el sector del transporte.<\/h2>\n\n\n\n<p class=\"has-black-color has-text-color has-link-color wp-elements-e5551bb735a51a3c430a47d0cd1d839f\">Dedicada principalmente al transporte de mercanc\u00eda por carretera nacional e internacional. Disponemos de una estructura de transporte y distribuci\u00f3n que nos permite responder a todas las demandas de nuestros clientes, con una importante flota de camiones recogemos, transportamos y entregamos la mercanc\u00eda en cualquier punto de Espa\u00f1a y del extranjero. Cargas completas o fraccionadas. Con el fin de la satisfacci\u00f3n de nuestros clientes nos adaptamos completamente a sus necesidades y les ofrecemos soluciones eficaces.<\/p>\n\n\n<div class=\"wp-block-image\">\n<figure class=\"aligncenter size-full\"><img loading=\"lazy\" decoding=\"async\" width=\"496\" height=\"577\" src=\"https:\/\/transdiz.es\/wp-content\/uploads\/2024\/05\/mapa-europa@100x-8.png\" alt=\"\" class=\"wp-image-36\" srcset=\"https:\/\/transdiz.es\/wp-content\/uploads\/2024\/05\/mapa-europa@100x-8.png 496w, https:\/\/transdiz.es\/wp-content\/uploads\/2024\/05\/mapa-europa@100x-8-258x300.png 258w\" sizes=\"auto, (max-width: 496px) 100vw, 496px\" \/><\/figure>\n<\/div>","protected":false},"excerpt":{"rendered":"<p>Tu operador de transporte de confianza Profesionales con m\u00e1s de 45 a\u00f1os de experiencia en el sector del transporte. Dedicada principalmente al transporte de mercanc\u00eda por carretera nacional e internacional. Disponemos de una estructura de transporte y distribuci\u00f3n que nos permite responder a todas las demandas de nuestros clientes, con una importante flota de camiones [&hellip;]<\/p>\n","protected":false},"author":1,"featured_media":0,"parent":0,"menu_order":0,"comment_status":"closed","ping_status":"closed","template":"templates\/page-gullwidth.php","meta":{"footnotes":""},"class_list":["post-8","page","type-page","status-publish","hentry"],"_links":{"self":[{"href":"https:\/\/transdiz.es\/index.php\/wp-json\/wp\/v2\/pages\/8","targetHints":{"allow":["GET"]}}],"collection":[{"href":"https:\/\/transdiz.es\/index.php\/wp-json\/wp\/v2\/pages"}],"about":[{"href":"https:\/\/transdiz.es\/index.php\/wp-json\/wp\/v2\/types\/page"}],"author":[{"embeddable":true,"href":"https:\/\/transdiz.es\/index.php\/wp-json\/wp\/v2\/users\/1"}],"replies":[{"embeddable":true,"href":"https:\/\/transdiz.es\/index.php\/wp-json\/wp\/v2\/comments?post=8"}],"version-history":[{"count":3,"href":"https:\/\/transdiz.es\/index.php\/wp-json\/wp\/v2\/pages\/8\/revisions"}],"predecessor-version":[{"id":56,"href":"https:\/\/transdiz.es\/index.php\/wp-json\/wp\/v2\/pages\/8\/revisions\/56"}],"wp:attachment":[{"href":"https:\/\/transdiz.es\/index.php\/wp-json\/wp\/v2\/media?parent=8"}],"curies":[{"name":"wp","href":"https:\/\/api.w.org\/{rel}","templated":true}]}}